{"id":5814,"date":"2024-08-20T01:08:56","date_gmt":"2024-08-19T23:08:56","guid":{"rendered":"https:\/\/green-gold-cbd.com\/pagina-carrello\/"},"modified":"2024-08-26T20:10:51","modified_gmt":"2024-08-26T18:10:51","slug":"pagina-carrello","status":"publish","type":"page","link":"https:\/\/green-gold-cbd.com\/it\/pagina-carrello\/","title":{"rendered":"Pagina carrello"},"content":{"rendered":"\t\t<div data-elementor-type=\"wp-page\" data-elementor-id=\"5814\" class=\"elementor elementor-5814 elementor-4857\" data-elementor-post-type=\"page\">\n\t\t\t\t<div class=\"elementor-element elementor-element-1dad836 e-con-full elementor-hidden-tablet_extra e-flex e-con e-parent\" data-id=\"1dad836\" data-element_type=\"container\" data-e-type=\"container\">\n\t\t\t\t<\/div>\n\t\t<div class=\"elementor-element elementor-element-344ec77 e-con-full elementor-hidden-desktop elementor-hidden-tablet elementor-hidden-mobile_extra elementor-hidden-mobile e-flex e-con e-parent\" data-id=\"344ec77\" data-element_type=\"container\" data-e-type=\"container\">\n\t\t\t\t<\/div>\n\t\t\t\t<\/div>\n\t\t","protected":false},"excerpt":{"rendered":"<p>Artikel entfernen Vorschaubild Produkt Preis Anzahl Zwischensumme 5% CBD-Tropfen in Bio-Hanfsamen\u00f6l 29,95&euro; 5% CBD-Tropfen in Bio-Hanfsamen\u00f6l&nbsp; Menge 29,95&euro; 10% CBD-Tropfen in Bio-Hanfsamen\u00f6l 54,95&euro; 10% CBD-Tropfen in Bio-Hanfsamen\u00f6l&nbsp; Menge 54,95&euro; Applica il coupon Totale Carrello Zwischensumme 84,90&euro; Versand Versandkosten berechnen Land\/Region: Land\/Region ausw\u00e4hlen\u00a0\u2026\u00d6sterreichBelgienFrankreichDeutschlandGriechenlandItalienLuxemburgNiederlandePortugalSpanien Bundesland\/Landkreis: W\u00e4hle eine Option&hellip;AgrigentoAlexandriaAnconaAostaArezzoAscoli PicenoAstiAvellinoBariBarletta-Andria-TraniBellunoBeneventoBergamoBiellaBolognaBozenBresciaBrindisiCagliariCaltanissettaCampobassoCasertaCataniaCatanzaroChietiComoCosenzaCremonaCrotoneCuneoEnnaFermoFerraraFlorenzFoggiaForl\u00ec-CesenaFrosinoneGenuaGoriziaGrossetoImperiaIserniaLa SpeziaL&#039;AquilaLatinaLecceLeccoLivornoLodiLuccaMacerataMantovaMassa-CarraraMateraMessinaMailandModenaMonza e della BrianzaNeapelNovaraNuoroOristanoPadovaPalermoParmaPaviaPerugiaPesaro e UrbinoPescaraPiacenzaPisaPistoiaPordenonePotenzaPratoRagusaRavennaReggio CalabriaReggio EmiliaRietiRiminiRomRovigoSalernoSassariSavonaSienaSiracusaSondrioS\u00fcd [&hellip;]<\/p>\n","protected":false},"author":173,"featured_media":0,"parent":0,"menu_order":0,"comment_status":"closed","ping_status":"closed","template":"elementor_header_footer","meta":{"site-sidebar-layout":"default","site-content-layout":"","ast-site-content-layout":"","site-content-style":"default","site-sidebar-style":"default","ast-global-header-display":"","ast-banner-title-visibility":"","ast-main-header-display":"","ast-hfb-above-header-display":"","ast-hfb-below-header-display":"","ast-hfb-mobile-header-display":"","site-post-title":"","ast-breadcrumbs-content":"","ast-featured-img":"","footer-sml-layout":"","theme-transparent-header-meta":"","adv-header-id-meta":"","stick-header-meta":"","header-above-stick-meta":"","header-main-stick-meta":"","header-below-stick-meta":"","astra-migrate-meta-layouts":"default","ast-page-background-enabled":"default","ast-page-background-meta":{"desktop":{"background-color":"","background-image":"","background-repeat":"repeat","background-position":"center center","background-size":"auto","background-attachment":"scroll","background-type":"","background-media":"","overlay-type":"","overlay-color":"","overlay-opacity":"","overlay-gradient":""},"tablet":{"background-color":"","background-image":"","background-repeat":"repeat","background-position":"center center","background-size":"auto","background-attachment":"scroll","background-type":"","background-media":"","overlay-type":"","overlay-color":"","overlay-opacity":"","overlay-gradient":""},"mobile":{"background-color":"","background-image":"","background-repeat":"repeat","background-position":"center center","background-size":"auto","background-attachment":"scroll","background-type":"","background-media":"","overlay-type":"","overlay-color":"","overlay-opacity":"","overlay-gradient":""}},"ast-content-background-meta":{"desktop":{"background-color":"var(--ast-global-color-5)","background-image":"","background-repeat":"repeat","background-position":"center center","background-size":"auto","background-attachment":"scroll","background-type":"","background-media":"","overlay-type":"","overlay-color":"","overlay-opacity":"","overlay-gradient":""},"tablet":{"background-color":"var(--ast-global-color-5)","background-image":"","background-repeat":"repeat","background-position":"center center","background-size":"auto","background-attachment":"scroll","background-type":"","background-media":"","overlay-type":"","overlay-color":"","overlay-opacity":"","overlay-gradient":""},"mobile":{"background-color":"var(--ast-global-color-5)","background-image":"","background-repeat":"repeat","background-position":"center center","background-size":"auto","background-attachment":"scroll","background-type":"","background-media":"","overlay-type":"","overlay-color":"","overlay-opacity":"","overlay-gradient":""}},"footnotes":""},"class_list":["post-5814","page","type-page","status-publish","hentry"],"_links":{"self":[{"href":"https:\/\/green-gold-cbd.com\/it\/wp-json\/wp\/v2\/pages\/5814","targetHints":{"allow":["GET"]}}],"collection":[{"href":"https:\/\/green-gold-cbd.com\/it\/wp-json\/wp\/v2\/pages"}],"about":[{"href":"https:\/\/green-gold-cbd.com\/it\/wp-json\/wp\/v2\/types\/page"}],"author":[{"embeddable":true,"href":"https:\/\/green-gold-cbd.com\/it\/wp-json\/wp\/v2\/users\/173"}],"replies":[{"embeddable":true,"href":"https:\/\/green-gold-cbd.com\/it\/wp-json\/wp\/v2\/comments?post=5814"}],"version-history":[{"count":8,"href":"https:\/\/green-gold-cbd.com\/it\/wp-json\/wp\/v2\/pages\/5814\/revisions"}],"predecessor-version":[{"id":7544,"href":"https:\/\/green-gold-cbd.com\/it\/wp-json\/wp\/v2\/pages\/5814\/revisions\/7544"}],"wp:attachment":[{"href":"https:\/\/green-gold-cbd.com\/it\/wp-json\/wp\/v2\/media?parent=5814"}],"curies":[{"name":"wp","href":"https:\/\/api.w.org\/{rel}","templated":true}]}}